{"id":80,"date":"2019-02-17T13:52:48","date_gmt":"2019-02-17T13:52:48","guid":{"rendered":"https:\/\/ferienhaus-badblankenburg.de\/?page_id=80"},"modified":"2022-07-04T13:00:43","modified_gmt":"2022-07-04T13:00:43","slug":"agb","status":"publish","type":"page","link":"https:\/\/ferienhaus-badblankenburg.de\/index.php\/impressum\/agb\/","title":{"rendered":"AGB"},"content":{"rendered":"\n<p class=\"has-medium-font-size\"><strong><em>Allgemeine Gesch\u00e4ftsbedingungen(AGB) f\u00fcr das Ferienhaus Wurmb<\/em>&nbsp; <\/strong><\/p>\n\n\n\n<p style=\"font-size:18px\"><strong>Mietvereinbarung <\/strong><\/p>\n\n\n\n<p>Zwischen dem\nGast (Mieter) und dem Vermieter \u2013 Theo Wurmb &#8211; im folgenden Vermieter genannt,\nwird f\u00fcr die Dauer der vereinbarten Zeit ein Mietvertrag \u00fcber das Ferienhaus\nWurmb geschlossen, der folgende Vereinbarungen beinhaltet:<\/p>\n\n\n\n<p style=\"font-size:18px\">&nbsp;<strong>Geltungsbereich<\/strong><\/p>\n\n\n\n<ol class=\"wp-block-list\"><li>Diese Gesch\u00e4ftsbedingungen gelten f\u00fcr Vertr\u00e4ge \u00fcber die kurzzeitige mietweise \u00dcberlassung des Ferienhauses Wurmb zur Beherbergung, sowie alle f\u00fcr den Kunden erbrachten weiteren Leistungen und Lieferungen des Vermieters.<\/li><li>Die Unter- oder Weitervermietung des \u00fcberlassenen Ferienobjektes, sowie dessen Nutzung zu anderen als Beherbergungszwecken bed\u00fcrfen der vorherigen Zustimmung des Vermieters.<\/li><\/ol>\n\n\n\n<p style=\"font-size:18px\"><strong>Vertragsabschluss,\nVertragspartner<\/strong><\/p>\n\n\n\n<ol class=\"wp-block-list\"><li>Mit der Buchungsanfrage bietet der Gast (Mieter) dem Vermieter den Abschluss eines Vermietungsvertrages verbindlich an.<\/li><li>Die Buchungsanfrage soll grunds\u00e4tzlich per Mail oder schriftlich, kann aber auch im Einzelfall m\u00fcndlich oder fernm\u00fcndlich in Verbindung mit einer E-Mail Best\u00e4tigung      vorgenommen werden.<\/li><li>Sie erfolgt durch den Mieter auch f\u00fcr alle in der Anmeldung genannten Teilnehmer, f\u00fcr deren Vertragsverpflichtung der Mieter auch einsteht.<\/li><li>Der Mietvertrag kommt durch die Buchungsbest\u00e4tigung des Vermieters zustande. Dies erfolgt meist per Mail, im Ausnahmefall, wenn kein Internet vorhanden ist, schriftlich oder telefonisch.<\/li><li>Erkl\u00e4rt der Vermieter im Nachhinein, dass er die Anmeldung nicht annehmen kann, kommt kein Mietvertrag zustande.&nbsp;<\/li><\/ol>\n\n\n\n<p style=\"font-size:18px\"><strong>Anzahl Personen<\/strong><\/p>\n\n\n\n<p class=\"has-text-align-left\">Das Mietobjekt darf h\u00f6chstens von den Personen genutzt werden, die im Mietvertrag vereinbart sind.<\/p>\n\n\n\n<p><strong>Preise, Nebenkosten<\/strong><\/p>\n\n\n\n<ol class=\"wp-block-list\"><li>Die Mietpreise sind der jeweils g\u00fcltigen Mietpreisliste zu entnehmen.<\/li><li>Nebenkosten f\u00fcr Endreinigung sowie f\u00fcr Handt\u00fccher fallen nicht an.<\/li><\/ol>\n\n\n\n<p style=\"font-size:18px\"><strong>Zahlung,\nF\u00e4lligkeit des Mietpreises<\/strong><\/p>\n\n\n\n<p>Wir bitten unsere G\u00e4ste\/Mieter am Anreisetag, nach Besichtigung des Ferienhauses den gesamten Mietpreis in bar an den Vermieter zu bezahlen.  Vorauszahlungen sind nicht notwendig. <\/p>\n\n\n\n<p style=\"font-size:18px\"><strong>Allgemeines<\/strong>&nbsp;<\/p>\n\n\n\n<ol class=\"wp-block-list\"><li>Der Mieter hat s\u00e4mtliche Angaben zu erbringen, die f\u00fcr den Vertrag notwendig sind.<\/li><li>Der Mieter verpflichtet sich, das Mietobjekt und das Inventar, sowie die Au\u00dfenanlagen mit gr\u00f6\u00dftm\u00f6glicher Sorgfalt zu behandeln. Der Mieter ist verpflichtet, die von ihm oder Mitreisenden schuldhaft oder versehentlich verursachten Sch\u00e4den zu ersetzen. Sch\u00e4den am Mietobjekt oder eventuelle Beanstandungen, insbesondere bei der Anreise, sind unverz\u00fcglich dem Vermieter mitzuteilen. Wir machen darauf aufmerksam, dass jeder Mieter verpflichtet ist, im      Rahmen der gesetzlichen Bestimmungen bei Leistungsst\u00f6rungen dazu      beizutragen, den Schaden m\u00f6glichst gering zu halten. Kommt der Mieter      schuldhaft diesen Verpflichtungen nicht nach, so stehen ihm Anspr\u00fcche insoweit nicht zu.<\/li><li>Bei Zuwiderhandlung einer der Vorschriften dieser AGB beh\u00e4lt sich der Vermittler rechtliche Schritte vor. Im Falle der vorzeitigen Abreise wird der gesamte Reisepreis nicht erstattet.<\/li><li>In unserer Ferienunterkunft ist das Rauchen nicht gestattet. Eventuelle Sch\u00e4den tr\u00e4gt der Gast.<\/li><li>Rauchen ist au\u00dferhalb unseres Ferienhauses unter Beachtung vom Brandschutz erlaubt.<\/li><\/ol>\n\n\n\n<p style=\"font-size:18px\"><strong>An- und\nAbreise<\/strong><\/p>\n\n\n\n<ol class=\"wp-block-list\"><li>Anreise: t\u00e4glich ab 14.00 Uhr m\u00f6glich, w\u00fcnschen Sie eine andere Anreisezeit, dann setzen Sie sich bitte mit dem Vermieter in Verbindung.<\/li><li>Abreise: am Abreisetag bis 10.00 Uhr, Ausnahmen bitte mit Vermieter abstimmen.<\/li><li>Die Schl\u00fcssel\u00fcbergabe erfolgt vor Ort nach Einweisung und Besichtigung des Ferienhauses.<\/li><\/ol>\n\n\n\n<p style=\"font-size:18px\"><strong>Leistungen<\/strong><\/p>\n\n\n\n<p>Die vertraglichen Leistungen richten sich nach dem\nInhalt des Mietvertrages. \u00c4nderungen sind vom Vermieter schriftlich zu\nbest\u00e4tigen.<\/p>\n\n\n\n<p style=\"font-size:18px\"><strong>Reklamationen<\/strong><\/p>\n\n\n\n<p>Reklamationen m\u00fcssen unverz\u00fcglich dem Vermieter\nmitgeteilt werden. Sollte das Problem nicht in einer angemessenen Frist vor Ort\ngel\u00f6st werden, m\u00fcssen entsprechende Anspr\u00fcche innerhalb der in dieser AGB\ngenannten Frist gegen\u00fcber dem Vermieter geltend gemacht werden. F\u00fcr\nL\u00e4rmbel\u00e4stigungen jeder Art, die nicht durch die Hausverwaltung verursacht sind\nund auf die kein Einfluss ausge\u00fcbt werden kann, \u00fcbernehmen wir keine Haftung\nund erf\u00fcllen keine Regressforderungen. Etwaige Personensch\u00e4den in der\nBeherbergungsst\u00e4tte und dem dazu geh\u00f6renden Grundst\u00fcck regelt die Allgemeine Haftpflichtversicherung\ndes Vermieters.<\/p>\n\n\n\n<p style=\"font-size:18px\"><strong>R\u00fccktritt<\/strong><\/p>\n\n\n\n<ol class=\"wp-block-list\"><li>Der Mieter kann jederzeit vor Antritt der Reise vom Mietvertrag zur\u00fccktreten.<\/li><li>Die R\u00fccktrittserkl\u00e4rung muss schriftlich erfolgen. Eine E-Mail reicht nicht aus.<\/li><li>Tritt der Mieter vom Vertrag zur\u00fcck oder belegt er das Mietobjekt nicht, so ist ein angemessener Ersatz zu zahlen.<\/li><li>Im Falle eines R\u00fccktritts oder nicht Belegung des Mietobjektes durch den Mieter werden R\u00fccktrittsgeb\u00fchren gem\u00e4\u00df \u00a7 651i BGB, mindestens in H\u00f6he der nachstehend aufgef\u00fchrten pauschalierten R\u00fccktrittsgeb\u00fchr erhoben.<\/li><\/ol>\n\n\n\n<p>Pauschalierte R\u00fccktrittsgeb\u00fchr:<br> &nbsp;&nbsp;&nbsp;&nbsp;&nbsp;&nbsp;&nbsp;&nbsp;&nbsp;&nbsp;&nbsp;&nbsp;&nbsp;&nbsp;&nbsp;&nbsp;&nbsp;&nbsp;&nbsp;&nbsp;&nbsp;&nbsp;&nbsp;<br>8 Wochen vor Anreisetermin:&nbsp; 20% des Gesamtbetrages<br>4 Wochen vor Anreisetermin:&nbsp; 50% des Gesamtbetrages<br>1 Woche&nbsp;vor Anreisetermin:&nbsp; &nbsp; 80% des Gesamtbetrages<br>am Tag bei Mietbeginn und bei Nichtanreise 90 % des Mietpreises.<br>Ma\u00dfgebend f\u00fcr die Berechnung der R\u00fccktrittsgeb\u00fchr ist der Eingang der schriftlichen  R\u00fccktrittserkl\u00e4rung beim Vermieter, eine E-Mail allein gen\u00fcgt nicht. Ist das nicht der Fall, wird der Gesamtmietpreis f\u00e4llig. Kann das Mietobjekt zu den gleichen Konditionen weitervermietet werden, werden lediglich 10% an Stornogeb\u00fchr berechnet. F\u00fcr die vorzeitige Abreise gibt es keinesfalls eine Geldr\u00fcckgabe.<\/p>\n\n\n\n<p style=\"font-size:18px\"><strong>Haftung<\/strong><\/p>\n\n\n\n<ol class=\"wp-block-list\"><li>Die Haftung f\u00fcr Sch\u00e4den des Mieters, die nicht K\u00f6rpersch\u00e4den sind, ist auf den dreifachen Reisepreis beschr\u00e4nkt, soweit ein Schaden weder vors\u00e4tzlich noch grob fahrl\u00e4ssig herbeigef\u00fchrt wird.<\/li><li>F\u00fcr alle durch die mitgebrachten Hunde verursachten Sch\u00e4den haftet ausschlie\u00dflich der Mieter.<\/li><\/ol>\n\n\n\n<p style=\"font-size:18px\"><strong>Ausschluss\nvon Anspr\u00fcchen und Verj\u00e4hrung<\/strong><\/p>\n\n\n\n<ol class=\"wp-block-list\"><li>Die vertraglichen Anspr\u00fcche wegen M\u00e4ngeln nach den \u00a7\u00a7 651 c bis 651 f BGB (Abhilfe\/Selbstvornahme, Minderung des Preises, Schadensersatz und K\u00fcndigung) hat der Gast innerhalb eines Monats, gerechnet von dem auf den Tag des vertraglich vorgesehenen Vermietungsendes folgenden Tag ab, geltend zu machen. F\u00e4llt der letzte Tag dieser Frist auf einen Sonntag, Feiertag oder Sonnabend,      endet die Frist am n\u00e4chsten Werktag. Nach Ablauf dieser Frist k\u00f6nnen Anspr\u00fcche nur geltend gemacht werden, wenn der Gast ohne Verschulden an der Einhaltung der Frist gehindert war.<\/li><li>Die Anspr\u00fcche verj\u00e4hren in einem Jahr gerechnet von dem auf den Tag des vertraglich vor-gesehenen Vermietungsendes folgenden Tag. F\u00fcr den Ablauf der Frist gilt Absatz 1 (Satz 1).<\/li><\/ol>\n\n\n\n<p style=\"font-size:18px\"><strong>Datenschutz<\/strong><\/p>\n\n\n\n<p>Unseren Datenschutz finden Sie unter unserer Datenschutzerkl\u00e4rung.<\/p>\n\n\n\n<p style=\"font-size:18px\"><strong>Gerichtsstand:<\/strong><\/p>\n\n\n\n<p>Klagen gegen den Vermieter sind an dessen jeweiligem Wohnsitz zu erheben.<\/p>\n\n\n\n<p style=\"font-size:18px\"><strong>Salvatorische\nKlausel<\/strong><\/p>\n\n\n\n<p>Sollte eine Bestimmung dieses Vertrages ung\u00fcltig oder\nnicht durchsetzbar sein oder werden, so bleiben die \u00fcbrigen Bestimmungen dieses\nVertrages hiervon unber\u00fchrt.<\/p>\n\n\n\n<p style=\"font-size:18px\"><strong>Vermieter<\/strong><br> <br>Herr Theo Wurmb, Unter dem Dorfe 4, 07429 D\u00f6schnitz<\/p>\n\n\n\n<p style=\"font-size:18px\">Stand: 07\/2022<\/p>\n","protected":false},"excerpt":{"rendered":"<p>Allgemeine Gesch\u00e4ftsbedingungen(AGB) f\u00fcr das Ferienhaus Wurmb&nbsp; Mietvereinbarung Zwischen dem Gast (Mieter) und dem Vermieter \u2013 Theo Wurmb &#8211; im folgenden Vermieter genannt, wird f\u00fcr die Dauer der vereinbarten Zeit ein Mietvertrag \u00fcber das Ferienhaus Wurmb geschlossen, der folgende Vereinbarungen beinhaltet: &nbsp;Geltungsbereich Diese Gesch\u00e4ftsbedingungen gelten f\u00fcr Vertr\u00e4ge \u00fcber die kurzzeitige mietweise \u00dcberlassung des Ferienhauses Wurmb zur &hellip; <\/p>\n<p class=\"link-more\"><a href=\"https:\/\/ferienhaus-badblankenburg.de\/index.php\/impressum\/agb\/\" class=\"more-link\"><span class=\"screen-reader-text\">\u201eAGB\u201c <\/span>weiterlesen<\/a><\/p>\n","protected":false},"author":1,"featured_media":0,"parent":72,"menu_order":1,"comment_status":"closed","ping_status":"closed","template":"","meta":{"footnotes":""},"class_list":["post-80","page","type-page","status-publish","hentry"],"yoast_head":"<!-- This site is optimized with the Yoast SEO plugin v27.5 - https:\/\/yoast.com\/product\/yoast-seo-wordpress\/ -->\n<title>AGB - Ferienhaus Wurmb<\/title>\n<meta name=\"robots\" content=\"index, follow, max-snippet:-1, max-image-preview:large, max-video-preview:-1\" \/>\n<link rel=\"canonical\" href=\"https:\/\/ferienhaus-badblankenburg.de\/index.php\/impressum\/agb\/\" \/>\n<meta property=\"og:locale\" content=\"de_DE\" \/>\n<meta property=\"og:type\" content=\"article\" \/>\n<meta property=\"og:title\" content=\"AGB - Ferienhaus Wurmb\" \/>\n<meta property=\"og:description\" content=\"Allgemeine Gesch\u00e4ftsbedingungen(AGB) f\u00fcr das Ferienhaus Wurmb&nbsp; Mietvereinbarung Zwischen dem Gast (Mieter) und dem Vermieter \u2013 Theo Wurmb &#8211; im folgenden Vermieter genannt, wird f\u00fcr die Dauer der vereinbarten Zeit ein Mietvertrag \u00fcber das Ferienhaus Wurmb geschlossen, der folgende Vereinbarungen beinhaltet: &nbsp;Geltungsbereich Diese Gesch\u00e4ftsbedingungen gelten f\u00fcr Vertr\u00e4ge \u00fcber die kurzzeitige mietweise \u00dcberlassung des Ferienhauses Wurmb zur &hellip; \u201eAGB\u201c weiterlesen\" \/>\n<meta property=\"og:url\" content=\"https:\/\/ferienhaus-badblankenburg.de\/index.php\/impressum\/agb\/\" \/>\n<meta property=\"og:site_name\" content=\"Ferienhaus Wurmb\" \/>\n<meta property=\"article:modified_time\" content=\"2022-07-04T13:00:43+00:00\" \/>\n<meta name=\"twitter:card\" content=\"summary_large_image\" \/>\n<meta name=\"twitter:label1\" content=\"Gesch\u00e4tzte Lesezeit\" \/>\n\t<meta name=\"twitter:data1\" content=\"6\u00a0Minuten\" \/>\n<script type=\"application\/ld+json\" class=\"yoast-schema-graph\">{\"@context\":\"https:\\\/\\\/schema.org\",\"@graph\":[{\"@type\":\"WebPage\",\"@id\":\"https:\\\/\\\/ferienhaus-badblankenburg.de\\\/index.php\\\/impressum\\\/agb\\\/\",\"url\":\"https:\\\/\\\/ferienhaus-badblankenburg.de\\\/index.php\\\/impressum\\\/agb\\\/\",\"name\":\"AGB - Ferienhaus Wurmb\",\"isPartOf\":{\"@id\":\"https:\\\/\\\/ferienhaus-badblankenburg.de\\\/#website\"},\"datePublished\":\"2019-02-17T13:52:48+00:00\",\"dateModified\":\"2022-07-04T13:00:43+00:00\",\"breadcrumb\":{\"@id\":\"https:\\\/\\\/ferienhaus-badblankenburg.de\\\/index.php\\\/impressum\\\/agb\\\/#breadcrumb\"},\"inLanguage\":\"de\",\"potentialAction\":[{\"@type\":\"ReadAction\",\"target\":[\"https:\\\/\\\/ferienhaus-badblankenburg.de\\\/index.php\\\/impressum\\\/agb\\\/\"]}]},{\"@type\":\"BreadcrumbList\",\"@id\":\"https:\\\/\\\/ferienhaus-badblankenburg.de\\\/index.php\\\/impressum\\\/agb\\\/#breadcrumb\",\"itemListElement\":[{\"@type\":\"ListItem\",\"position\":1,\"name\":\"Home\",\"item\":\"https:\\\/\\\/ferienhaus-badblankenburg.de\\\/\"},{\"@type\":\"ListItem\",\"position\":2,\"name\":\"Impressum\",\"item\":\"https:\\\/\\\/ferienhaus-badblankenburg.de\\\/index.php\\\/impressum\\\/\"},{\"@type\":\"ListItem\",\"position\":3,\"name\":\"AGB\"}]},{\"@type\":\"WebSite\",\"@id\":\"https:\\\/\\\/ferienhaus-badblankenburg.de\\\/#website\",\"url\":\"https:\\\/\\\/ferienhaus-badblankenburg.de\\\/\",\"name\":\"Ferienhaus Wurmb\",\"description\":\"\",\"potentialAction\":[{\"@type\":\"SearchAction\",\"target\":{\"@type\":\"EntryPoint\",\"urlTemplate\":\"https:\\\/\\\/ferienhaus-badblankenburg.de\\\/?s={search_term_string}\"},\"query-input\":{\"@type\":\"PropertyValueSpecification\",\"valueRequired\":true,\"valueName\":\"search_term_string\"}}],\"inLanguage\":\"de\"}]}<\/script>\n<!-- \/ Yoast SEO plugin. -->","yoast_head_json":{"title":"AGB - Ferienhaus Wurmb","robots":{"index":"index","follow":"follow","max-snippet":"max-snippet:-1","max-image-preview":"max-image-preview:large","max-video-preview":"max-video-preview:-1"},"canonical":"https:\/\/ferienhaus-badblankenburg.de\/index.php\/impressum\/agb\/","og_locale":"de_DE","og_type":"article","og_title":"AGB - Ferienhaus Wurmb","og_description":"Allgemeine Gesch\u00e4ftsbedingungen(AGB) f\u00fcr das Ferienhaus Wurmb&nbsp; Mietvereinbarung Zwischen dem Gast (Mieter) und dem Vermieter \u2013 Theo Wurmb &#8211; im folgenden Vermieter genannt, wird f\u00fcr die Dauer der vereinbarten Zeit ein Mietvertrag \u00fcber das Ferienhaus Wurmb geschlossen, der folgende Vereinbarungen beinhaltet: &nbsp;Geltungsbereich Diese Gesch\u00e4ftsbedingungen gelten f\u00fcr Vertr\u00e4ge \u00fcber die kurzzeitige mietweise \u00dcberlassung des Ferienhauses Wurmb zur &hellip; \u201eAGB\u201c weiterlesen","og_url":"https:\/\/ferienhaus-badblankenburg.de\/index.php\/impressum\/agb\/","og_site_name":"Ferienhaus Wurmb","article_modified_time":"2022-07-04T13:00:43+00:00","twitter_card":"summary_large_image","twitter_misc":{"Gesch\u00e4tzte Lesezeit":"6\u00a0Minuten"},"schema":{"@context":"https:\/\/schema.org","@graph":[{"@type":"WebPage","@id":"https:\/\/ferienhaus-badblankenburg.de\/index.php\/impressum\/agb\/","url":"https:\/\/ferienhaus-badblankenburg.de\/index.php\/impressum\/agb\/","name":"AGB - Ferienhaus Wurmb","isPartOf":{"@id":"https:\/\/ferienhaus-badblankenburg.de\/#website"},"datePublished":"2019-02-17T13:52:48+00:00","dateModified":"2022-07-04T13:00:43+00:00","breadcrumb":{"@id":"https:\/\/ferienhaus-badblankenburg.de\/index.php\/impressum\/agb\/#breadcrumb"},"inLanguage":"de","potentialAction":[{"@type":"ReadAction","target":["https:\/\/ferienhaus-badblankenburg.de\/index.php\/impressum\/agb\/"]}]},{"@type":"BreadcrumbList","@id":"https:\/\/ferienhaus-badblankenburg.de\/index.php\/impressum\/agb\/#breadcrumb","itemListElement":[{"@type":"ListItem","position":1,"name":"Home","item":"https:\/\/ferienhaus-badblankenburg.de\/"},{"@type":"ListItem","position":2,"name":"Impressum","item":"https:\/\/ferienhaus-badblankenburg.de\/index.php\/impressum\/"},{"@type":"ListItem","position":3,"name":"AGB"}]},{"@type":"WebSite","@id":"https:\/\/ferienhaus-badblankenburg.de\/#website","url":"https:\/\/ferienhaus-badblankenburg.de\/","name":"Ferienhaus Wurmb","description":"","potentialAction":[{"@type":"SearchAction","target":{"@type":"EntryPoint","urlTemplate":"https:\/\/ferienhaus-badblankenburg.de\/?s={search_term_string}"},"query-input":{"@type":"PropertyValueSpecification","valueRequired":true,"valueName":"search_term_string"}}],"inLanguage":"de"}]}},"_links":{"self":[{"href":"https:\/\/ferienhaus-badblankenburg.de\/index.php\/wp-json\/wp\/v2\/pages\/80","targetHints":{"allow":["GET"]}}],"collection":[{"href":"https:\/\/ferienhaus-badblankenburg.de\/index.php\/wp-json\/wp\/v2\/pages"}],"about":[{"href":"https:\/\/ferienhaus-badblankenburg.de\/index.php\/wp-json\/wp\/v2\/types\/page"}],"author":[{"embeddable":true,"href":"https:\/\/ferienhaus-badblankenburg.de\/index.php\/wp-json\/wp\/v2\/users\/1"}],"replies":[{"embeddable":true,"href":"https:\/\/ferienhaus-badblankenburg.de\/index.php\/wp-json\/wp\/v2\/comments?post=80"}],"version-history":[{"count":10,"href":"https:\/\/ferienhaus-badblankenburg.de\/index.php\/wp-json\/wp\/v2\/pages\/80\/revisions"}],"predecessor-version":[{"id":977,"href":"https:\/\/ferienhaus-badblankenburg.de\/index.php\/wp-json\/wp\/v2\/pages\/80\/revisions\/977"}],"up":[{"embeddable":true,"href":"https:\/\/ferienhaus-badblankenburg.de\/index.php\/wp-json\/wp\/v2\/pages\/72"}],"wp:attachment":[{"href":"https:\/\/ferienhaus-badblankenburg.de\/index.php\/wp-json\/wp\/v2\/media?parent=80"}],"curies":[{"name":"wp","href":"https:\/\/api.w.org\/{rel}","templated":true}]}}