{"id":74,"date":"2019-02-17T13:47:26","date_gmt":"2019-02-17T13:47:26","guid":{"rendered":"https:\/\/ferienhaus-badblankenburg.de\/?page_id=74"},"modified":"2022-07-04T12:52:44","modified_gmt":"2022-07-04T12:52:44","slug":"datenschutzerklarung","status":"publish","type":"page","link":"https:\/\/ferienhaus-badblankenburg.de\/index.php\/impressum\/datenschutzerklarung\/","title":{"rendered":"Datenschutz"},"content":{"rendered":"\n<p class=\"has-medium-font-size\"><strong><em>Datenschutzerkl\u00e4rung<\/em><\/strong><\/p>\n\n\n\n<p style=\"font-size:18px\"><strong>Datenschutz <\/strong><strong>f\u00fcr unsere Webseite <a href=\"http:\/\/www.ferienhaus-badblankenburg.de\">www.ferienhaus-badblankenburg.de<\/a><\/strong><\/p>\n\n\n\n<p>Wir freuen uns, dass Sie unsere Webseite besuchen.<\/p>\n\n\n\n<p>W\u00e4hrend Ihres Aufenthaltes auf unseren Seiten werden\nkeine personenbezogenen Daten gespeichert.<\/p>\n\n\n\n<p>Wollen Sie unser Ferienhaus mieten, ist es zwecks\nKommunikation notwendig, personenbezogene\nDaten, die wir im Rahmen unserer Vertragsbeziehungen von unseren G\u00e4sten\nerhalten, zu verarbeiten. <\/p>\n\n\n\n<p>Ihre\npersonenbezogenen Daten (z.B. Name, Anschrift, E-Mail, Telefonnummer usw.)\nwerden von uns nur gem\u00e4\u00df den Bestimmungen des deutschen Datenschutzrechts\nverarbeitet. <\/p>\n\n\n\n<p>Diese Daten\nwerden an Dritte nicht weitergegeben.<\/p>\n\n\n\n<p style=\"font-size:18px\"><strong>Kontaktformular<\/strong><\/p>\n\n\n\n<p>Wir weisen\ndarauf hin, dass die Daten\u00fcbertragung im Internet (z.B. bei der Kommunikation\nper E-Mail) Sicherheitsl\u00fccken aufweisen kann. Ein l\u00fcckenloser Schutz der Daten\nvor dem Zugriff durch Dritte ist nicht m\u00f6glich.<\/p>\n\n\n\n<p>Betreiber der Webseite: <br>Herr Theo Wurmb, Unter dem Dorfe 4, 07429 D\u00f6schnitz\u00a0\u00a0\u00a0\u00a0\u00a0\u00a0\u00a0\u00a0\u00a0\u00a0\u00a0\u00a0\u00a0\u00a0\u00a0\u00a0\u00a0\u00a0\u00a0\u00a0\u00a0\u00a0\u00a0\u00a0\u00a0 Stand: 07\/2022<\/p>\n\n\n\n<p><br><\/p>\n","protected":false},"excerpt":{"rendered":"<p>Datenschutzerkl\u00e4rung Datenschutz f\u00fcr unsere Webseite www.ferienhaus-badblankenburg.de Wir freuen uns, dass Sie unsere Webseite besuchen. W\u00e4hrend Ihres Aufenthaltes auf unseren Seiten werden keine personenbezogenen Daten gespeichert. Wollen Sie unser Ferienhaus mieten, ist es zwecks Kommunikation notwendig, personenbezogene Daten, die wir im Rahmen unserer Vertragsbeziehungen von unseren G\u00e4sten erhalten, zu verarbeiten. Ihre personenbezogenen Daten (z.B. Name, Anschrift, &hellip; <\/p>\n<p class=\"link-more\"><a href=\"https:\/\/ferienhaus-badblankenburg.de\/index.php\/impressum\/datenschutzerklarung\/\" class=\"more-link\"><span class=\"screen-reader-text\">\u201eDatenschutz\u201c <\/span>weiterlesen<\/a><\/p>\n","protected":false},"author":1,"featured_media":0,"parent":72,"menu_order":2,"comment_status":"closed","ping_status":"closed","template":"","meta":{"footnotes":""},"class_list":["post-74","page","type-page","status-publish","hentry"],"yoast_head":"<!-- This site is optimized with the Yoast SEO plugin v27.5 - https:\/\/yoast.com\/product\/yoast-seo-wordpress\/ -->\n<title>Datenschutz - Ferienhaus Wurmb<\/title>\n<meta name=\"robots\" content=\"index, follow, max-snippet:-1, max-image-preview:large, max-video-preview:-1\" \/>\n<link rel=\"canonical\" href=\"https:\/\/ferienhaus-badblankenburg.de\/index.php\/impressum\/datenschutzerklarung\/\" \/>\n<meta property=\"og:locale\" content=\"de_DE\" \/>\n<meta property=\"og:type\" content=\"article\" \/>\n<meta property=\"og:title\" content=\"Datenschutz - Ferienhaus Wurmb\" \/>\n<meta property=\"og:description\" content=\"Datenschutzerkl\u00e4rung Datenschutz f\u00fcr unsere Webseite www.ferienhaus-badblankenburg.de Wir freuen uns, dass Sie unsere Webseite besuchen. W\u00e4hrend Ihres Aufenthaltes auf unseren Seiten werden keine personenbezogenen Daten gespeichert. Wollen Sie unser Ferienhaus mieten, ist es zwecks Kommunikation notwendig, personenbezogene Daten, die wir im Rahmen unserer Vertragsbeziehungen von unseren G\u00e4sten erhalten, zu verarbeiten. Ihre personenbezogenen Daten (z.B. Name, Anschrift, &hellip; \u201eDatenschutz\u201c weiterlesen\" \/>\n<meta property=\"og:url\" content=\"https:\/\/ferienhaus-badblankenburg.de\/index.php\/impressum\/datenschutzerklarung\/\" \/>\n<meta property=\"og:site_name\" content=\"Ferienhaus Wurmb\" \/>\n<meta property=\"article:modified_time\" content=\"2022-07-04T12:52:44+00:00\" \/>\n<meta name=\"twitter:card\" content=\"summary_large_image\" \/>\n<meta name=\"twitter:label1\" content=\"Gesch\u00e4tzte Lesezeit\" \/>\n\t<meta name=\"twitter:data1\" content=\"1\u00a0Minute\" \/>\n<script type=\"application\/ld+json\" class=\"yoast-schema-graph\">{\"@context\":\"https:\\\/\\\/schema.org\",\"@graph\":[{\"@type\":\"WebPage\",\"@id\":\"https:\\\/\\\/ferienhaus-badblankenburg.de\\\/index.php\\\/impressum\\\/datenschutzerklarung\\\/\",\"url\":\"https:\\\/\\\/ferienhaus-badblankenburg.de\\\/index.php\\\/impressum\\\/datenschutzerklarung\\\/\",\"name\":\"Datenschutz - Ferienhaus Wurmb\",\"isPartOf\":{\"@id\":\"https:\\\/\\\/ferienhaus-badblankenburg.de\\\/#website\"},\"datePublished\":\"2019-02-17T13:47:26+00:00\",\"dateModified\":\"2022-07-04T12:52:44+00:00\",\"breadcrumb\":{\"@id\":\"https:\\\/\\\/ferienhaus-badblankenburg.de\\\/index.php\\\/impressum\\\/datenschutzerklarung\\\/#breadcrumb\"},\"inLanguage\":\"de\",\"potentialAction\":[{\"@type\":\"ReadAction\",\"target\":[\"https:\\\/\\\/ferienhaus-badblankenburg.de\\\/index.php\\\/impressum\\\/datenschutzerklarung\\\/\"]}]},{\"@type\":\"BreadcrumbList\",\"@id\":\"https:\\\/\\\/ferienhaus-badblankenburg.de\\\/index.php\\\/impressum\\\/datenschutzerklarung\\\/#breadcrumb\",\"itemListElement\":[{\"@type\":\"ListItem\",\"position\":1,\"name\":\"Home\",\"item\":\"https:\\\/\\\/ferienhaus-badblankenburg.de\\\/\"},{\"@type\":\"ListItem\",\"position\":2,\"name\":\"Impressum\",\"item\":\"https:\\\/\\\/ferienhaus-badblankenburg.de\\\/index.php\\\/impressum\\\/\"},{\"@type\":\"ListItem\",\"position\":3,\"name\":\"Datenschutz\"}]},{\"@type\":\"WebSite\",\"@id\":\"https:\\\/\\\/ferienhaus-badblankenburg.de\\\/#website\",\"url\":\"https:\\\/\\\/ferienhaus-badblankenburg.de\\\/\",\"name\":\"Ferienhaus Wurmb\",\"description\":\"\",\"potentialAction\":[{\"@type\":\"SearchAction\",\"target\":{\"@type\":\"EntryPoint\",\"urlTemplate\":\"https:\\\/\\\/ferienhaus-badblankenburg.de\\\/?s={search_term_string}\"},\"query-input\":{\"@type\":\"PropertyValueSpecification\",\"valueRequired\":true,\"valueName\":\"search_term_string\"}}],\"inLanguage\":\"de\"}]}<\/script>\n<!-- \/ Yoast SEO plugin. -->","yoast_head_json":{"title":"Datenschutz - Ferienhaus Wurmb","robots":{"index":"index","follow":"follow","max-snippet":"max-snippet:-1","max-image-preview":"max-image-preview:large","max-video-preview":"max-video-preview:-1"},"canonical":"https:\/\/ferienhaus-badblankenburg.de\/index.php\/impressum\/datenschutzerklarung\/","og_locale":"de_DE","og_type":"article","og_title":"Datenschutz - Ferienhaus Wurmb","og_description":"Datenschutzerkl\u00e4rung Datenschutz f\u00fcr unsere Webseite www.ferienhaus-badblankenburg.de Wir freuen uns, dass Sie unsere Webseite besuchen. W\u00e4hrend Ihres Aufenthaltes auf unseren Seiten werden keine personenbezogenen Daten gespeichert. Wollen Sie unser Ferienhaus mieten, ist es zwecks Kommunikation notwendig, personenbezogene Daten, die wir im Rahmen unserer Vertragsbeziehungen von unseren G\u00e4sten erhalten, zu verarbeiten. Ihre personenbezogenen Daten (z.B. Name, Anschrift, &hellip; \u201eDatenschutz\u201c weiterlesen","og_url":"https:\/\/ferienhaus-badblankenburg.de\/index.php\/impressum\/datenschutzerklarung\/","og_site_name":"Ferienhaus Wurmb","article_modified_time":"2022-07-04T12:52:44+00:00","twitter_card":"summary_large_image","twitter_misc":{"Gesch\u00e4tzte Lesezeit":"1\u00a0Minute"},"schema":{"@context":"https:\/\/schema.org","@graph":[{"@type":"WebPage","@id":"https:\/\/ferienhaus-badblankenburg.de\/index.php\/impressum\/datenschutzerklarung\/","url":"https:\/\/ferienhaus-badblankenburg.de\/index.php\/impressum\/datenschutzerklarung\/","name":"Datenschutz - Ferienhaus Wurmb","isPartOf":{"@id":"https:\/\/ferienhaus-badblankenburg.de\/#website"},"datePublished":"2019-02-17T13:47:26+00:00","dateModified":"2022-07-04T12:52:44+00:00","breadcrumb":{"@id":"https:\/\/ferienhaus-badblankenburg.de\/index.php\/impressum\/datenschutzerklarung\/#breadcrumb"},"inLanguage":"de","potentialAction":[{"@type":"ReadAction","target":["https:\/\/ferienhaus-badblankenburg.de\/index.php\/impressum\/datenschutzerklarung\/"]}]},{"@type":"BreadcrumbList","@id":"https:\/\/ferienhaus-badblankenburg.de\/index.php\/impressum\/datenschutzerklarung\/#breadcrumb","itemListElement":[{"@type":"ListItem","position":1,"name":"Home","item":"https:\/\/ferienhaus-badblankenburg.de\/"},{"@type":"ListItem","position":2,"name":"Impressum","item":"https:\/\/ferienhaus-badblankenburg.de\/index.php\/impressum\/"},{"@type":"ListItem","position":3,"name":"Datenschutz"}]},{"@type":"WebSite","@id":"https:\/\/ferienhaus-badblankenburg.de\/#website","url":"https:\/\/ferienhaus-badblankenburg.de\/","name":"Ferienhaus Wurmb","description":"","potentialAction":[{"@type":"SearchAction","target":{"@type":"EntryPoint","urlTemplate":"https:\/\/ferienhaus-badblankenburg.de\/?s={search_term_string}"},"query-input":{"@type":"PropertyValueSpecification","valueRequired":true,"valueName":"search_term_string"}}],"inLanguage":"de"}]}},"_links":{"self":[{"href":"https:\/\/ferienhaus-badblankenburg.de\/index.php\/wp-json\/wp\/v2\/pages\/74","targetHints":{"allow":["GET"]}}],"collection":[{"href":"https:\/\/ferienhaus-badblankenburg.de\/index.php\/wp-json\/wp\/v2\/pages"}],"about":[{"href":"https:\/\/ferienhaus-badblankenburg.de\/index.php\/wp-json\/wp\/v2\/types\/page"}],"author":[{"embeddable":true,"href":"https:\/\/ferienhaus-badblankenburg.de\/index.php\/wp-json\/wp\/v2\/users\/1"}],"replies":[{"embeddable":true,"href":"https:\/\/ferienhaus-badblankenburg.de\/index.php\/wp-json\/wp\/v2\/comments?post=74"}],"version-history":[{"count":6,"href":"https:\/\/ferienhaus-badblankenburg.de\/index.php\/wp-json\/wp\/v2\/pages\/74\/revisions"}],"predecessor-version":[{"id":973,"href":"https:\/\/ferienhaus-badblankenburg.de\/index.php\/wp-json\/wp\/v2\/pages\/74\/revisions\/973"}],"up":[{"embeddable":true,"href":"https:\/\/ferienhaus-badblankenburg.de\/index.php\/wp-json\/wp\/v2\/pages\/72"}],"wp:attachment":[{"href":"https:\/\/ferienhaus-badblankenburg.de\/index.php\/wp-json\/wp\/v2\/media?parent=74"}],"curies":[{"name":"wp","href":"https:\/\/api.w.org\/{rel}","templated":true}]}}