{"id":72,"date":"2019-02-17T13:45:45","date_gmt":"2019-02-17T13:45:45","guid":{"rendered":"https:\/\/ferienhaus-badblankenburg.de\/?page_id=72"},"modified":"2022-07-04T12:43:03","modified_gmt":"2022-07-04T12:43:03","slug":"impressum","status":"publish","type":"page","link":"https:\/\/ferienhaus-badblankenburg.de\/index.php\/impressum\/","title":{"rendered":"Impressum"},"content":{"rendered":"\n<p class=\"has-medium-font-size\"><em>Theo Wurmb<br>Unter dem Dorfe 4<br>07429 D\u00f6schnitz<\/em><\/p>\n\n\n\n<p class=\"has-medium-font-size\"><em>Tel.: <\/em>036730-30507<\/p>\n\n\n\n<p class=\"has-medium-font-size\"><em>E-Mail:<\/em> <a href=\"mailto:theo_wurmb@yahoo.de\">theowurmb@gmail.com<\/a><\/p>\n\n\n\n<p class=\"has-medium-font-size\"><strong> <\/strong><em>Homepage:<\/em> www.ferienhaus-badblankenburg.de <\/p>\n\n\n\n<p class=\"has-very-dark-gray-color has-text-color has-medium-font-size\"><em>Ferienhausstandort\ufeff<\/em><\/p>\n\n\n\n<p class=\"has-medium-font-size\">Unser Ferienhaus befindet sich in Bad Blankenburg.<br>Zeigerheimer Weg 30<br>07422 Bad Blankenburg<br>Mobil erreichbar <strong>nur<\/strong> am Anreisetag ca.1 Std. vor Anreise unter 015229225698<\/p>\n\n\n\n<p class=\"has-very-dark-gray-color has-text-color has-medium-font-size\"><em>Rechtlicher Hinweis:<\/em><\/p>\n\n\n\n<p>Bilder\/Urheberrecht<br><br>Alle\n Rechte vorbehalten. Text, Bilder, Grafiken, sowie deren Anordnung \nunterliegen dem Schutz des Urheberrechts und anderer Schutzgesetze. Der \nInhalt dieser Website darf weder zu privaten noch zu kommerziellen \nZwecken kopiert, verbreitet, ver\u00e4ndert oder Dritten zug\u00e4nglich gemacht \nwerden. <\/p>\n\n\n\n<p>Inhalte<br><br>Alle\n in unseren Internetseiten enthaltenen Angaben und Informationen wurden \nsorgf\u00e4ltig recherchiert und gepr\u00fcft. F\u00fcr Richtigkeit, Vollst\u00e4ndigkeit \nund Aktualit\u00e4t wird keine Haftung \u00fcbernommen. <br>Desweiteren wird \njegliche Haftung f\u00fcr Sch\u00e4den, die direkt oder indirekt aus der Benutzung\n dieser Website entstehen, ausgeschlossen, soweit diese nicht auf \nVorsatz oder grober Fahrl\u00e4ssigkeit beruhen.<\/p>\n\n\n\n<p>Online-Streitbeilegung<br><br><em>Hinweis\n zur Online-Streitbeilegung gem\u00e4\u00df Art. 14 Abs. 1 ODR-VO: Die Europ\u00e4ische\n Kommission stellt eine Plattform zur Online-Streitbeilegung (OS) \nbereit, die Sie unter <\/em><a href=\"https:\/\/ec.europa.eu\/consumers\/odr\/\">https:\/\/ec.europa.eu\/consumers\/odr\/<\/a><em> finden.<\/em><\/p>\n\n\n\n<p>Theo Wurmb\u00a0\u00a0\u00a0Stand 07\/2022<\/p>\n","protected":false},"excerpt":{"rendered":"<p>Theo WurmbUnter dem Dorfe 407429 D\u00f6schnitz Tel.: 036730-30507 E-Mail: theowurmb@gmail.com Homepage: www.ferienhaus-badblankenburg.de Ferienhausstandort\ufeff Unser Ferienhaus befindet sich in Bad Blankenburg.Zeigerheimer Weg 3007422 Bad BlankenburgMobil erreichbar nur am Anreisetag ca.1 Std. vor Anreise unter 015229225698 Rechtlicher Hinweis: Bilder\/Urheberrecht Alle Rechte vorbehalten. Text, Bilder, Grafiken, sowie deren Anordnung unterliegen dem Schutz des Urheberrechts und anderer Schutzgesetze. Der &hellip; <\/p>\n<p class=\"link-more\"><a href=\"https:\/\/ferienhaus-badblankenburg.de\/index.php\/impressum\/\" class=\"more-link\"><span class=\"screen-reader-text\">\u201eImpressum\u201c <\/span>weiterlesen<\/a><\/p>\n","protected":false},"author":1,"featured_media":0,"parent":0,"menu_order":5,"comment_status":"closed","ping_status":"closed","template":"","meta":{"footnotes":""},"class_list":["post-72","page","type-page","status-publish","hentry"],"yoast_head":"<!-- This site is optimized with the Yoast SEO plugin v27.5 - https:\/\/yoast.com\/product\/yoast-seo-wordpress\/ -->\n<title>Impressum - Ferienhaus Wurmb<\/title>\n<meta name=\"robots\" content=\"index, follow, max-snippet:-1, max-image-preview:large, max-video-preview:-1\" \/>\n<link rel=\"canonical\" href=\"https:\/\/ferienhaus-badblankenburg.de\/index.php\/impressum\/\" \/>\n<meta property=\"og:locale\" content=\"de_DE\" \/>\n<meta property=\"og:type\" content=\"article\" \/>\n<meta property=\"og:title\" content=\"Impressum - Ferienhaus Wurmb\" \/>\n<meta property=\"og:description\" content=\"Theo WurmbUnter dem Dorfe 407429 D\u00f6schnitz Tel.: 036730-30507 E-Mail: theowurmb@gmail.com Homepage: www.ferienhaus-badblankenburg.de Ferienhausstandort\ufeff Unser Ferienhaus befindet sich in Bad Blankenburg.Zeigerheimer Weg 3007422 Bad BlankenburgMobil erreichbar nur am Anreisetag ca.1 Std. vor Anreise unter 015229225698 Rechtlicher Hinweis: Bilder\/Urheberrecht Alle Rechte vorbehalten. Text, Bilder, Grafiken, sowie deren Anordnung unterliegen dem Schutz des Urheberrechts und anderer Schutzgesetze. Der &hellip; \u201eImpressum\u201c weiterlesen\" \/>\n<meta property=\"og:url\" content=\"https:\/\/ferienhaus-badblankenburg.de\/index.php\/impressum\/\" \/>\n<meta property=\"og:site_name\" content=\"Ferienhaus Wurmb\" \/>\n<meta property=\"article:modified_time\" content=\"2022-07-04T12:43:03+00:00\" \/>\n<meta name=\"twitter:card\" content=\"summary_large_image\" \/>\n<meta name=\"twitter:label1\" content=\"Gesch\u00e4tzte Lesezeit\" \/>\n\t<meta name=\"twitter:data1\" content=\"1\u00a0Minute\" \/>\n<script type=\"application\/ld+json\" class=\"yoast-schema-graph\">{\"@context\":\"https:\\\/\\\/schema.org\",\"@graph\":[{\"@type\":\"WebPage\",\"@id\":\"https:\\\/\\\/ferienhaus-badblankenburg.de\\\/index.php\\\/impressum\\\/\",\"url\":\"https:\\\/\\\/ferienhaus-badblankenburg.de\\\/index.php\\\/impressum\\\/\",\"name\":\"Impressum - Ferienhaus Wurmb\",\"isPartOf\":{\"@id\":\"https:\\\/\\\/ferienhaus-badblankenburg.de\\\/#website\"},\"datePublished\":\"2019-02-17T13:45:45+00:00\",\"dateModified\":\"2022-07-04T12:43:03+00:00\",\"breadcrumb\":{\"@id\":\"https:\\\/\\\/ferienhaus-badblankenburg.de\\\/index.php\\\/impressum\\\/#breadcrumb\"},\"inLanguage\":\"de\",\"potentialAction\":[{\"@type\":\"ReadAction\",\"target\":[\"https:\\\/\\\/ferienhaus-badblankenburg.de\\\/index.php\\\/impressum\\\/\"]}]},{\"@type\":\"BreadcrumbList\",\"@id\":\"https:\\\/\\\/ferienhaus-badblankenburg.de\\\/index.php\\\/impressum\\\/#breadcrumb\",\"itemListElement\":[{\"@type\":\"ListItem\",\"position\":1,\"name\":\"Home\",\"item\":\"https:\\\/\\\/ferienhaus-badblankenburg.de\\\/\"},{\"@type\":\"ListItem\",\"position\":2,\"name\":\"Impressum\"}]},{\"@type\":\"WebSite\",\"@id\":\"https:\\\/\\\/ferienhaus-badblankenburg.de\\\/#website\",\"url\":\"https:\\\/\\\/ferienhaus-badblankenburg.de\\\/\",\"name\":\"Ferienhaus Wurmb\",\"description\":\"\",\"potentialAction\":[{\"@type\":\"SearchAction\",\"target\":{\"@type\":\"EntryPoint\",\"urlTemplate\":\"https:\\\/\\\/ferienhaus-badblankenburg.de\\\/?s={search_term_string}\"},\"query-input\":{\"@type\":\"PropertyValueSpecification\",\"valueRequired\":true,\"valueName\":\"search_term_string\"}}],\"inLanguage\":\"de\"}]}<\/script>\n<!-- \/ Yoast SEO plugin. -->","yoast_head_json":{"title":"Impressum - Ferienhaus Wurmb","robots":{"index":"index","follow":"follow","max-snippet":"max-snippet:-1","max-image-preview":"max-image-preview:large","max-video-preview":"max-video-preview:-1"},"canonical":"https:\/\/ferienhaus-badblankenburg.de\/index.php\/impressum\/","og_locale":"de_DE","og_type":"article","og_title":"Impressum - Ferienhaus Wurmb","og_description":"Theo WurmbUnter dem Dorfe 407429 D\u00f6schnitz Tel.: 036730-30507 E-Mail: theowurmb@gmail.com Homepage: www.ferienhaus-badblankenburg.de Ferienhausstandort\ufeff Unser Ferienhaus befindet sich in Bad Blankenburg.Zeigerheimer Weg 3007422 Bad BlankenburgMobil erreichbar nur am Anreisetag ca.1 Std. vor Anreise unter 015229225698 Rechtlicher Hinweis: Bilder\/Urheberrecht Alle Rechte vorbehalten. Text, Bilder, Grafiken, sowie deren Anordnung unterliegen dem Schutz des Urheberrechts und anderer Schutzgesetze. Der &hellip; \u201eImpressum\u201c weiterlesen","og_url":"https:\/\/ferienhaus-badblankenburg.de\/index.php\/impressum\/","og_site_name":"Ferienhaus Wurmb","article_modified_time":"2022-07-04T12:43:03+00:00","twitter_card":"summary_large_image","twitter_misc":{"Gesch\u00e4tzte Lesezeit":"1\u00a0Minute"},"schema":{"@context":"https:\/\/schema.org","@graph":[{"@type":"WebPage","@id":"https:\/\/ferienhaus-badblankenburg.de\/index.php\/impressum\/","url":"https:\/\/ferienhaus-badblankenburg.de\/index.php\/impressum\/","name":"Impressum - Ferienhaus Wurmb","isPartOf":{"@id":"https:\/\/ferienhaus-badblankenburg.de\/#website"},"datePublished":"2019-02-17T13:45:45+00:00","dateModified":"2022-07-04T12:43:03+00:00","breadcrumb":{"@id":"https:\/\/ferienhaus-badblankenburg.de\/index.php\/impressum\/#breadcrumb"},"inLanguage":"de","potentialAction":[{"@type":"ReadAction","target":["https:\/\/ferienhaus-badblankenburg.de\/index.php\/impressum\/"]}]},{"@type":"BreadcrumbList","@id":"https:\/\/ferienhaus-badblankenburg.de\/index.php\/impressum\/#breadcrumb","itemListElement":[{"@type":"ListItem","position":1,"name":"Home","item":"https:\/\/ferienhaus-badblankenburg.de\/"},{"@type":"ListItem","position":2,"name":"Impressum"}]},{"@type":"WebSite","@id":"https:\/\/ferienhaus-badblankenburg.de\/#website","url":"https:\/\/ferienhaus-badblankenburg.de\/","name":"Ferienhaus Wurmb","description":"","potentialAction":[{"@type":"SearchAction","target":{"@type":"EntryPoint","urlTemplate":"https:\/\/ferienhaus-badblankenburg.de\/?s={search_term_string}"},"query-input":{"@type":"PropertyValueSpecification","valueRequired":true,"valueName":"search_term_string"}}],"inLanguage":"de"}]}},"_links":{"self":[{"href":"https:\/\/ferienhaus-badblankenburg.de\/index.php\/wp-json\/wp\/v2\/pages\/72","targetHints":{"allow":["GET"]}}],"collection":[{"href":"https:\/\/ferienhaus-badblankenburg.de\/index.php\/wp-json\/wp\/v2\/pages"}],"about":[{"href":"https:\/\/ferienhaus-badblankenburg.de\/index.php\/wp-json\/wp\/v2\/types\/page"}],"author":[{"embeddable":true,"href":"https:\/\/ferienhaus-badblankenburg.de\/index.php\/wp-json\/wp\/v2\/users\/1"}],"replies":[{"embeddable":true,"href":"https:\/\/ferienhaus-badblankenburg.de\/index.php\/wp-json\/wp\/v2\/comments?post=72"}],"version-history":[{"count":12,"href":"https:\/\/ferienhaus-badblankenburg.de\/index.php\/wp-json\/wp\/v2\/pages\/72\/revisions"}],"predecessor-version":[{"id":968,"href":"https:\/\/ferienhaus-badblankenburg.de\/index.php\/wp-json\/wp\/v2\/pages\/72\/revisions\/968"}],"wp:attachment":[{"href":"https:\/\/ferienhaus-badblankenburg.de\/index.php\/wp-json\/wp\/v2\/media?parent=72"}],"curies":[{"name":"wp","href":"https:\/\/api.w.org\/{rel}","templated":true}]}}