{"id":478,"date":"2019-03-03T15:04:55","date_gmt":"2019-03-03T15:04:55","guid":{"rendered":"https:\/\/ferienhaus-badblankenburg.de\/?page_id=478"},"modified":"2025-05-06T19:15:23","modified_gmt":"2025-05-06T19:15:23","slug":"weitere-ausstattungsmerkmale","status":"publish","type":"page","link":"https:\/\/ferienhaus-badblankenburg.de\/index.php\/ferienhaus-wurmb-bad-blankenburg-thueringen\/weitere-ausstattungsmerkmale\/","title":{"rendered":"Weitere Ausstattungsmerkmale"},"content":{"rendered":"\n<figure class=\"wp-block-table alignleft\"><table><tbody><tr><td><\/td><td><em>Ein fest installierter Safe im Objekt<\/em><\/td><\/tr><tr><td><\/td><td><em>Die Verbindung zwischen den beiden Etagen f\u00fchrt innen \u00fcber eine steile Wendeltreppe<\/em>, au\u00dfen \u00fcber eine weitere Treppe<\/td><\/tr><tr><td><\/td><td>Die Matratzen der Schlafst\u00e4tten haben pro Person eine Gr\u00f6\u00dfe von 0,80 x 2,00 m (Nr. 1), also ein Doppelbett der Gr\u00f6\u00dfe 1.60 x 2,00 m<\/td><\/tr><tr><td><\/td><td> H<em>andt\u00fccher sind vorhanden<\/em><\/td><\/tr><tr><td><\/td><td>Betten sind bezogen<\/td><\/tr><tr><td><\/td><td><em>Zus\u00e4tzliche Decken auf Wunsch<\/em><\/td><\/tr><tr><td><\/td><td><em> Internetpr\u00e4senz: <\/em><a href=\"http:\/\/www.ferienhaus-badblankenburg.de\"><em>www.ferienhaus-badblankenburg.de<\/em><\/a><\/td><\/tr><tr><td><\/td><td><em> Online-Buchbarkeit \u00fcber elektronisches Buchungssystem<\/em><\/td><\/tr><tr><td><\/td><td> <em>Aktuelle und ansprechende Informationen \u00fcber Region und Veranstaltungen (Infomappe, Tagesprogramme)<\/em> <\/td><\/tr><tr><td><\/td><td> <em>Abstellraum f\u00fcr Sportger\u00e4te &#8211; abschlie\u00dfbar<\/em><\/td><\/tr><tr><td><\/td><td><em> Abstellraum verf\u00fcgbar <\/em><\/td><\/tr><tr><td><\/td><td><em>  Freistehendes G\u00e4stehaus mit besonderem Charakter zur alleinigen Nutzung <\/em><\/td><\/tr><\/tbody><\/table><\/figure>\n\n\n\n<p><br><\/p>\n","protected":false},"excerpt":{"rendered":"<p>Ein fest installierter Safe im Objekt Die Verbindung zwischen den beiden Etagen f\u00fchrt innen \u00fcber eine steile Wendeltreppe, au\u00dfen \u00fcber eine weitere Treppe Die Matratzen der Schlafst\u00e4tten haben pro Person eine Gr\u00f6\u00dfe von 0,80 x 2,00 m (Nr. 1), also ein Doppelbett der Gr\u00f6\u00dfe 1.60 x 2,00 m Handt\u00fccher sind vorhanden Betten sind bezogen Zus\u00e4tzliche &hellip; <\/p>\n<p class=\"link-more\"><a href=\"https:\/\/ferienhaus-badblankenburg.de\/index.php\/ferienhaus-wurmb-bad-blankenburg-thueringen\/weitere-ausstattungsmerkmale\/\" class=\"more-link\"><span class=\"screen-reader-text\">\u201eWeitere Ausstattungsmerkmale\u201c <\/span>weiterlesen<\/a><\/p>\n","protected":false},"author":1,"featured_media":0,"parent":9,"menu_order":1,"comment_status":"closed","ping_status":"closed","template":"","meta":{"footnotes":""},"class_list":["post-478","page","type-page","status-publish","hentry"],"yoast_head":"<!-- This site is optimized with the Yoast SEO plugin v27.5 - https:\/\/yoast.com\/product\/yoast-seo-wordpress\/ -->\n<title>Weitere Ausstattungsmerkmale - Ferienhaus Wurmb<\/title>\n<meta name=\"robots\" content=\"index, follow, max-snippet:-1, max-image-preview:large, max-video-preview:-1\" \/>\n<link rel=\"canonical\" href=\"https:\/\/ferienhaus-badblankenburg.de\/index.php\/ferienhaus-wurmb-bad-blankenburg-thueringen\/weitere-ausstattungsmerkmale\/\" \/>\n<meta property=\"og:locale\" content=\"de_DE\" \/>\n<meta property=\"og:type\" content=\"article\" \/>\n<meta property=\"og:title\" content=\"Weitere Ausstattungsmerkmale - Ferienhaus Wurmb\" \/>\n<meta property=\"og:description\" content=\"Ein fest installierter Safe im Objekt Die Verbindung zwischen den beiden Etagen f\u00fchrt innen \u00fcber eine steile Wendeltreppe, au\u00dfen \u00fcber eine weitere Treppe Die Matratzen der Schlafst\u00e4tten haben pro Person eine Gr\u00f6\u00dfe von 0,80 x 2,00 m (Nr. 1), also ein Doppelbett der Gr\u00f6\u00dfe 1.60 x 2,00 m Handt\u00fccher sind vorhanden Betten sind bezogen Zus\u00e4tzliche &hellip; \u201eWeitere Ausstattungsmerkmale\u201c weiterlesen\" \/>\n<meta property=\"og:url\" content=\"https:\/\/ferienhaus-badblankenburg.de\/index.php\/ferienhaus-wurmb-bad-blankenburg-thueringen\/weitere-ausstattungsmerkmale\/\" \/>\n<meta property=\"og:site_name\" content=\"Ferienhaus Wurmb\" \/>\n<meta property=\"article:modified_time\" content=\"2025-05-06T19:15:23+00:00\" \/>\n<meta name=\"twitter:card\" content=\"summary_large_image\" \/>\n<meta name=\"twitter:label1\" content=\"Gesch\u00e4tzte Lesezeit\" \/>\n\t<meta name=\"twitter:data1\" content=\"1\u00a0Minute\" \/>\n<script type=\"application\/ld+json\" class=\"yoast-schema-graph\">{\"@context\":\"https:\\\/\\\/schema.org\",\"@graph\":[{\"@type\":\"WebPage\",\"@id\":\"https:\\\/\\\/ferienhaus-badblankenburg.de\\\/index.php\\\/ferienhaus-wurmb-bad-blankenburg-thueringen\\\/weitere-ausstattungsmerkmale\\\/\",\"url\":\"https:\\\/\\\/ferienhaus-badblankenburg.de\\\/index.php\\\/ferienhaus-wurmb-bad-blankenburg-thueringen\\\/weitere-ausstattungsmerkmale\\\/\",\"name\":\"Weitere Ausstattungsmerkmale - Ferienhaus Wurmb\",\"isPartOf\":{\"@id\":\"https:\\\/\\\/ferienhaus-badblankenburg.de\\\/#website\"},\"datePublished\":\"2019-03-03T15:04:55+00:00\",\"dateModified\":\"2025-05-06T19:15:23+00:00\",\"breadcrumb\":{\"@id\":\"https:\\\/\\\/ferienhaus-badblankenburg.de\\\/index.php\\\/ferienhaus-wurmb-bad-blankenburg-thueringen\\\/weitere-ausstattungsmerkmale\\\/#breadcrumb\"},\"inLanguage\":\"de\",\"potentialAction\":[{\"@type\":\"ReadAction\",\"target\":[\"https:\\\/\\\/ferienhaus-badblankenburg.de\\\/index.php\\\/ferienhaus-wurmb-bad-blankenburg-thueringen\\\/weitere-ausstattungsmerkmale\\\/\"]}]},{\"@type\":\"BreadcrumbList\",\"@id\":\"https:\\\/\\\/ferienhaus-badblankenburg.de\\\/index.php\\\/ferienhaus-wurmb-bad-blankenburg-thueringen\\\/weitere-ausstattungsmerkmale\\\/#breadcrumb\",\"itemListElement\":[{\"@type\":\"ListItem\",\"position\":1,\"name\":\"Home\",\"item\":\"https:\\\/\\\/ferienhaus-badblankenburg.de\\\/\"},{\"@type\":\"ListItem\",\"position\":2,\"name\":\"Home\",\"item\":\"https:\\\/\\\/ferienhaus-badblankenburg.de\\\/\"},{\"@type\":\"ListItem\",\"position\":3,\"name\":\"Weitere Ausstattungsmerkmale\"}]},{\"@type\":\"WebSite\",\"@id\":\"https:\\\/\\\/ferienhaus-badblankenburg.de\\\/#website\",\"url\":\"https:\\\/\\\/ferienhaus-badblankenburg.de\\\/\",\"name\":\"Ferienhaus Wurmb\",\"description\":\"\",\"potentialAction\":[{\"@type\":\"SearchAction\",\"target\":{\"@type\":\"EntryPoint\",\"urlTemplate\":\"https:\\\/\\\/ferienhaus-badblankenburg.de\\\/?s={search_term_string}\"},\"query-input\":{\"@type\":\"PropertyValueSpecification\",\"valueRequired\":true,\"valueName\":\"search_term_string\"}}],\"inLanguage\":\"de\"}]}<\/script>\n<!-- \/ Yoast SEO plugin. -->","yoast_head_json":{"title":"Weitere Ausstattungsmerkmale - Ferienhaus Wurmb","robots":{"index":"index","follow":"follow","max-snippet":"max-snippet:-1","max-image-preview":"max-image-preview:large","max-video-preview":"max-video-preview:-1"},"canonical":"https:\/\/ferienhaus-badblankenburg.de\/index.php\/ferienhaus-wurmb-bad-blankenburg-thueringen\/weitere-ausstattungsmerkmale\/","og_locale":"de_DE","og_type":"article","og_title":"Weitere Ausstattungsmerkmale - Ferienhaus Wurmb","og_description":"Ein fest installierter Safe im Objekt Die Verbindung zwischen den beiden Etagen f\u00fchrt innen \u00fcber eine steile Wendeltreppe, au\u00dfen \u00fcber eine weitere Treppe Die Matratzen der Schlafst\u00e4tten haben pro Person eine Gr\u00f6\u00dfe von 0,80 x 2,00 m (Nr. 1), also ein Doppelbett der Gr\u00f6\u00dfe 1.60 x 2,00 m Handt\u00fccher sind vorhanden Betten sind bezogen Zus\u00e4tzliche &hellip; \u201eWeitere Ausstattungsmerkmale\u201c weiterlesen","og_url":"https:\/\/ferienhaus-badblankenburg.de\/index.php\/ferienhaus-wurmb-bad-blankenburg-thueringen\/weitere-ausstattungsmerkmale\/","og_site_name":"Ferienhaus Wurmb","article_modified_time":"2025-05-06T19:15:23+00:00","twitter_card":"summary_large_image","twitter_misc":{"Gesch\u00e4tzte Lesezeit":"1\u00a0Minute"},"schema":{"@context":"https:\/\/schema.org","@graph":[{"@type":"WebPage","@id":"https:\/\/ferienhaus-badblankenburg.de\/index.php\/ferienhaus-wurmb-bad-blankenburg-thueringen\/weitere-ausstattungsmerkmale\/","url":"https:\/\/ferienhaus-badblankenburg.de\/index.php\/ferienhaus-wurmb-bad-blankenburg-thueringen\/weitere-ausstattungsmerkmale\/","name":"Weitere Ausstattungsmerkmale - Ferienhaus Wurmb","isPartOf":{"@id":"https:\/\/ferienhaus-badblankenburg.de\/#website"},"datePublished":"2019-03-03T15:04:55+00:00","dateModified":"2025-05-06T19:15:23+00:00","breadcrumb":{"@id":"https:\/\/ferienhaus-badblankenburg.de\/index.php\/ferienhaus-wurmb-bad-blankenburg-thueringen\/weitere-ausstattungsmerkmale\/#breadcrumb"},"inLanguage":"de","potentialAction":[{"@type":"ReadAction","target":["https:\/\/ferienhaus-badblankenburg.de\/index.php\/ferienhaus-wurmb-bad-blankenburg-thueringen\/weitere-ausstattungsmerkmale\/"]}]},{"@type":"BreadcrumbList","@id":"https:\/\/ferienhaus-badblankenburg.de\/index.php\/ferienhaus-wurmb-bad-blankenburg-thueringen\/weitere-ausstattungsmerkmale\/#breadcrumb","itemListElement":[{"@type":"ListItem","position":1,"name":"Home","item":"https:\/\/ferienhaus-badblankenburg.de\/"},{"@type":"ListItem","position":2,"name":"Home","item":"https:\/\/ferienhaus-badblankenburg.de\/"},{"@type":"ListItem","position":3,"name":"Weitere Ausstattungsmerkmale"}]},{"@type":"WebSite","@id":"https:\/\/ferienhaus-badblankenburg.de\/#website","url":"https:\/\/ferienhaus-badblankenburg.de\/","name":"Ferienhaus Wurmb","description":"","potentialAction":[{"@type":"SearchAction","target":{"@type":"EntryPoint","urlTemplate":"https:\/\/ferienhaus-badblankenburg.de\/?s={search_term_string}"},"query-input":{"@type":"PropertyValueSpecification","valueRequired":true,"valueName":"search_term_string"}}],"inLanguage":"de"}]}},"_links":{"self":[{"href":"https:\/\/ferienhaus-badblankenburg.de\/index.php\/wp-json\/wp\/v2\/pages\/478","targetHints":{"allow":["GET"]}}],"collection":[{"href":"https:\/\/ferienhaus-badblankenburg.de\/index.php\/wp-json\/wp\/v2\/pages"}],"about":[{"href":"https:\/\/ferienhaus-badblankenburg.de\/index.php\/wp-json\/wp\/v2\/types\/page"}],"author":[{"embeddable":true,"href":"https:\/\/ferienhaus-badblankenburg.de\/index.php\/wp-json\/wp\/v2\/users\/1"}],"replies":[{"embeddable":true,"href":"https:\/\/ferienhaus-badblankenburg.de\/index.php\/wp-json\/wp\/v2\/comments?post=478"}],"version-history":[{"count":27,"href":"https:\/\/ferienhaus-badblankenburg.de\/index.php\/wp-json\/wp\/v2\/pages\/478\/revisions"}],"predecessor-version":[{"id":1405,"href":"https:\/\/ferienhaus-badblankenburg.de\/index.php\/wp-json\/wp\/v2\/pages\/478\/revisions\/1405"}],"up":[{"embeddable":true,"href":"https:\/\/ferienhaus-badblankenburg.de\/index.php\/wp-json\/wp\/v2\/pages\/9"}],"wp:attachment":[{"href":"https:\/\/ferienhaus-badblankenburg.de\/index.php\/wp-json\/wp\/v2\/media?parent=478"}],"curies":[{"name":"wp","href":"https:\/\/api.w.org\/{rel}","templated":true}]}}