{"id":387,"date":"2019-02-24T23:02:00","date_gmt":"2019-02-24T23:02:00","guid":{"rendered":"https:\/\/ferienhaus-badblankenburg.de\/?page_id=387"},"modified":"2025-12-30T16:54:18","modified_gmt":"2025-12-30T16:54:18","slug":"preise","status":"publish","type":"page","link":"https:\/\/ferienhaus-badblankenburg.de\/index.php\/preise\/","title":{"rendered":"Preise  2026"},"content":{"rendered":"\n<p class=\"has-text-color has-link-color wp-elements-5ba70cc821e6198644ef28fc61adffd0\" style=\"color:#0d8055\"><strong><em>Die Preise f\u00fcr unser Ferienhaus ab 2026<\/em><\/strong><\/p>\n\n\n\n<p class=\"has-vivid-red-color has-text-color has-link-color wp-elements-8bb741eaee74e8576b66d491a6cb38c3\"><em>Bei 5 und mehr \u00dcbernachtungen zahlen Sie 70,00 \u20ac pro \u00dcbernachtung<br>oder Sie nutzen unser Angebot von Mai bis August.<\/em><br><br><strong>&#8212;&#8211;G\u00fcltig nur bei Buchung \u00fcber unser Kontaktformular.&#8212;&#8211;<\/strong><em><br>12 \u00dcbernachtungen buchen und nur 10 \u00dcbernachtungen zahlen<br>oder 14 \u00dcbernachtungen buchen und nur 12 \u00dcbernachtungen zahlen<\/em><\/p>\n\n\n\n<p><em>Bettw\u00e4sche, Handt\u00fccher, Endreinigung und Nebenkosten sind inklusive.<\/em><br><br><em><strong>Anreise<\/strong>: t\u00e4glich ab 14.00 Uhr m\u00f6glich, bitte kontaktieren Sie uns, wenn Sie eine andere Anreisezeit w\u00fcnschen<\/em><\/p>\n\n\n\n<p><em><strong>Abreise: <\/strong>am Abreisetag bis 10.00 Uhr<\/em><\/p>\n\n\n\n<p class=\"has-text-color has-link-color wp-elements-856e3f97448decd569f2156816c1b40f\" style=\"color:#0a8357\"><em><strong>Wir bitten unsere G\u00e4ste bei Anreise nach Besichtigung des Ferienhauses die Gesamtkosten in bar zu bezahlen.<\/strong><\/em><\/p>\n\n\n\n<p>Bei 2 \u00dcbernachtungen betr\u00e4gt der Preis pro \u00dcbernachtung 130,00 \u20ac, insgesamt 260,00 \u20ac<br>Bei 3 \u00dcbernachtungen betr\u00e4gt der Preis pro \u00dcbernachtung 90,00 \u20ac, insgesamt 270,00 \u20ac<br>Bei 4 \u00dcbernachtungen betr\u00e4gt der Preis pro \u00dcbernachtung 70,00 \u20ac + 1 x 20,00 \u20ac, insgesamt 300,00 \u20ac<\/p>\n\n\n\n<p>Von November bis M\u00e4rz erh\u00f6hen sich die Preise um 70,00 \u20ac pro \u00dcbernachtung. Unser Ferienhaus befindet sich im Au\u00dfenbereich.<br>Der Vermieter kann leider keine R\u00e4um- und Streupflicht \u00fcbernehmen.<\/p>\n\n\n\n<h2 class=\"wp-block-heading has-text-color has-link-color wp-elements-58ba5f0f1807cff35c6591aa280bef4b\" style=\"color:#0c8e5e\"><em><strong>Geb\u00fchren der Stadt Bad Blankenburg<\/strong><\/em><\/h2>\n\n\n\n<p>Ab dem 01.01.2023 ist die Kurbeitragssatzung der Stadt Bad Blankenburg in Kraft.<br>Die f\u00e4lligen Betr\u00e4ge sind durch den Vermieter vom Gast zu kassieren und an die Stadt Bad Blankenburg abzuf\u00fchren. Siehe Link unten.<br>Die G\u00e4ste erhalten f\u00fcr die Dauer ihres Aufenthaltes die \u201eG\u00e4stekarte Schwarzatal\u201c.<br>N\u00e4heres unter dem Men\u00fcpunkt \u201eLinks\u201c.<\/p>\n\n\n\n<p class=\"has-text-color has-link-color wp-elements-33a5eba77b776d5e332baaf9cac49144\" style=\"color:#046a45\"><strong>\u00a7 5 H\u00f6he des Kurbeitrages<\/strong><br>(1) Der Kurbeitrag betr\u00e4gt pro Person und Aufenthaltstag:<br>a. f\u00fcr Personen ab 18 Jahren: 2,00 Euro<br>b. f\u00fcr Kinder und Jugendliche im Alter von 6 \u2013 18 Jahren: 1,00 Euro<br>c. Kinder bis zum vollendeten 6. Lebensjahr sind kurbeitragsfrei.<\/p>\n\n\n\n<p><a href=\"https:\/\/www.gaestekarte-schwarzatal.de\/files\/1841ECC88B4\/Kurbeitragssatzung_BB.pdf\" target=\"_blank\" rel=\"noreferrer noopener\">Link: Satzung \u00fcber die Erhebung eines Kurbeitrages der Stadt Bad Blankenburg (Kurbeitragssatzung)<\/a><\/p>\n","protected":false},"excerpt":{"rendered":"<p>Die Preise f\u00fcr unser Ferienhaus ab 2026 Bei 5 und mehr \u00dcbernachtungen zahlen Sie 70,00 \u20ac pro \u00dcbernachtungoder Sie nutzen unser Angebot von Mai bis August. &#8212;&#8211;G\u00fcltig nur bei Buchung \u00fcber unser Kontaktformular.&#8212;&#8211;12 \u00dcbernachtungen buchen und nur 10 \u00dcbernachtungen zahlenoder 14 \u00dcbernachtungen buchen und nur 12 \u00dcbernachtungen zahlen Bettw\u00e4sche, Handt\u00fccher, Endreinigung und Nebenkosten sind inklusive. &hellip; <\/p>\n<p class=\"link-more\"><a href=\"https:\/\/ferienhaus-badblankenburg.de\/index.php\/preise\/\" class=\"more-link\"><span class=\"screen-reader-text\">\u201ePreise  2026\u201c <\/span>weiterlesen<\/a><\/p>\n","protected":false},"author":1,"featured_media":0,"parent":0,"menu_order":3,"comment_status":"closed","ping_status":"closed","template":"","meta":{"footnotes":""},"class_list":["post-387","page","type-page","status-publish","hentry"],"yoast_head":"<!-- This site is optimized with the Yoast SEO plugin v27.5 - https:\/\/yoast.com\/product\/yoast-seo-wordpress\/ -->\n<title>Preise 2026 - Ferienhaus Wurmb<\/title>\n<meta name=\"description\" content=\"ab 60,00 \u20ac\/\u00dc\" \/>\n<meta name=\"robots\" content=\"index, follow, max-snippet:-1, max-image-preview:large, max-video-preview:-1\" \/>\n<link rel=\"canonical\" href=\"https:\/\/ferienhaus-badblankenburg.de\/index.php\/preise\/\" \/>\n<meta property=\"og:locale\" content=\"de_DE\" \/>\n<meta property=\"og:type\" content=\"article\" \/>\n<meta property=\"og:title\" content=\"Preise 2026 - Ferienhaus Wurmb\" \/>\n<meta property=\"og:description\" content=\"ab 60,00 \u20ac\/\u00dc\" \/>\n<meta property=\"og:url\" content=\"https:\/\/ferienhaus-badblankenburg.de\/index.php\/preise\/\" \/>\n<meta property=\"og:site_name\" content=\"Ferienhaus Wurmb\" \/>\n<meta property=\"article:modified_time\" content=\"2025-12-30T16:54:18+00:00\" \/>\n<meta name=\"twitter:card\" content=\"summary_large_image\" \/>\n<meta name=\"twitter:label1\" content=\"Gesch\u00e4tzte Lesezeit\" \/>\n\t<meta name=\"twitter:data1\" content=\"2\u00a0Minuten\" \/>\n<script type=\"application\/ld+json\" class=\"yoast-schema-graph\">{\"@context\":\"https:\\\/\\\/schema.org\",\"@graph\":[{\"@type\":\"WebPage\",\"@id\":\"https:\\\/\\\/ferienhaus-badblankenburg.de\\\/index.php\\\/preise\\\/\",\"url\":\"https:\\\/\\\/ferienhaus-badblankenburg.de\\\/index.php\\\/preise\\\/\",\"name\":\"Preise 2026 - Ferienhaus Wurmb\",\"isPartOf\":{\"@id\":\"https:\\\/\\\/ferienhaus-badblankenburg.de\\\/#website\"},\"datePublished\":\"2019-02-24T23:02:00+00:00\",\"dateModified\":\"2025-12-30T16:54:18+00:00\",\"description\":\"ab 60,00 \u20ac\\\/\u00dc\",\"breadcrumb\":{\"@id\":\"https:\\\/\\\/ferienhaus-badblankenburg.de\\\/index.php\\\/preise\\\/#breadcrumb\"},\"inLanguage\":\"de\",\"potentialAction\":[{\"@type\":\"ReadAction\",\"target\":[\"https:\\\/\\\/ferienhaus-badblankenburg.de\\\/index.php\\\/preise\\\/\"]}]},{\"@type\":\"BreadcrumbList\",\"@id\":\"https:\\\/\\\/ferienhaus-badblankenburg.de\\\/index.php\\\/preise\\\/#breadcrumb\",\"itemListElement\":[{\"@type\":\"ListItem\",\"position\":1,\"name\":\"Home\",\"item\":\"https:\\\/\\\/ferienhaus-badblankenburg.de\\\/\"},{\"@type\":\"ListItem\",\"position\":2,\"name\":\"Preise 2026\"}]},{\"@type\":\"WebSite\",\"@id\":\"https:\\\/\\\/ferienhaus-badblankenburg.de\\\/#website\",\"url\":\"https:\\\/\\\/ferienhaus-badblankenburg.de\\\/\",\"name\":\"Ferienhaus Wurmb\",\"description\":\"\",\"potentialAction\":[{\"@type\":\"SearchAction\",\"target\":{\"@type\":\"EntryPoint\",\"urlTemplate\":\"https:\\\/\\\/ferienhaus-badblankenburg.de\\\/?s={search_term_string}\"},\"query-input\":{\"@type\":\"PropertyValueSpecification\",\"valueRequired\":true,\"valueName\":\"search_term_string\"}}],\"inLanguage\":\"de\"}]}<\/script>\n<!-- \/ Yoast SEO plugin. -->","yoast_head_json":{"title":"Preise 2026 - Ferienhaus Wurmb","description":"ab 60,00 \u20ac\/\u00dc","robots":{"index":"index","follow":"follow","max-snippet":"max-snippet:-1","max-image-preview":"max-image-preview:large","max-video-preview":"max-video-preview:-1"},"canonical":"https:\/\/ferienhaus-badblankenburg.de\/index.php\/preise\/","og_locale":"de_DE","og_type":"article","og_title":"Preise 2026 - Ferienhaus Wurmb","og_description":"ab 60,00 \u20ac\/\u00dc","og_url":"https:\/\/ferienhaus-badblankenburg.de\/index.php\/preise\/","og_site_name":"Ferienhaus Wurmb","article_modified_time":"2025-12-30T16:54:18+00:00","twitter_card":"summary_large_image","twitter_misc":{"Gesch\u00e4tzte Lesezeit":"2\u00a0Minuten"},"schema":{"@context":"https:\/\/schema.org","@graph":[{"@type":"WebPage","@id":"https:\/\/ferienhaus-badblankenburg.de\/index.php\/preise\/","url":"https:\/\/ferienhaus-badblankenburg.de\/index.php\/preise\/","name":"Preise 2026 - Ferienhaus Wurmb","isPartOf":{"@id":"https:\/\/ferienhaus-badblankenburg.de\/#website"},"datePublished":"2019-02-24T23:02:00+00:00","dateModified":"2025-12-30T16:54:18+00:00","description":"ab 60,00 \u20ac\/\u00dc","breadcrumb":{"@id":"https:\/\/ferienhaus-badblankenburg.de\/index.php\/preise\/#breadcrumb"},"inLanguage":"de","potentialAction":[{"@type":"ReadAction","target":["https:\/\/ferienhaus-badblankenburg.de\/index.php\/preise\/"]}]},{"@type":"BreadcrumbList","@id":"https:\/\/ferienhaus-badblankenburg.de\/index.php\/preise\/#breadcrumb","itemListElement":[{"@type":"ListItem","position":1,"name":"Home","item":"https:\/\/ferienhaus-badblankenburg.de\/"},{"@type":"ListItem","position":2,"name":"Preise 2026"}]},{"@type":"WebSite","@id":"https:\/\/ferienhaus-badblankenburg.de\/#website","url":"https:\/\/ferienhaus-badblankenburg.de\/","name":"Ferienhaus Wurmb","description":"","potentialAction":[{"@type":"SearchAction","target":{"@type":"EntryPoint","urlTemplate":"https:\/\/ferienhaus-badblankenburg.de\/?s={search_term_string}"},"query-input":{"@type":"PropertyValueSpecification","valueRequired":true,"valueName":"search_term_string"}}],"inLanguage":"de"}]}},"_links":{"self":[{"href":"https:\/\/ferienhaus-badblankenburg.de\/index.php\/wp-json\/wp\/v2\/pages\/387","targetHints":{"allow":["GET"]}}],"collection":[{"href":"https:\/\/ferienhaus-badblankenburg.de\/index.php\/wp-json\/wp\/v2\/pages"}],"about":[{"href":"https:\/\/ferienhaus-badblankenburg.de\/index.php\/wp-json\/wp\/v2\/types\/page"}],"author":[{"embeddable":true,"href":"https:\/\/ferienhaus-badblankenburg.de\/index.php\/wp-json\/wp\/v2\/users\/1"}],"replies":[{"embeddable":true,"href":"https:\/\/ferienhaus-badblankenburg.de\/index.php\/wp-json\/wp\/v2\/comments?post=387"}],"version-history":[{"count":82,"href":"https:\/\/ferienhaus-badblankenburg.de\/index.php\/wp-json\/wp\/v2\/pages\/387\/revisions"}],"predecessor-version":[{"id":1513,"href":"https:\/\/ferienhaus-badblankenburg.de\/index.php\/wp-json\/wp\/v2\/pages\/387\/revisions\/1513"}],"wp:attachment":[{"href":"https:\/\/ferienhaus-badblankenburg.de\/index.php\/wp-json\/wp\/v2\/media?parent=387"}],"curies":[{"name":"wp","href":"https:\/\/api.w.org\/{rel}","templated":true}]}}